{"id":1596,"date":"2024-10-22T20:03:09","date_gmt":"2024-10-22T18:03:09","guid":{"rendered":"http:\/\/www.xn--soar-epa.se\/?page_id=1596"},"modified":"2025-11-11T18:20:30","modified_gmt":"2025-11-11T17:20:30","slug":"dryck-beverages","status":"publish","type":"page","link":"https:\/\/www.xn--soar-epa.se\/?page_id=1596","title":{"rendered":"Dryck \/ Beverages"},"content":{"rendered":"\n<figure class=\"wp-block-image size-full is-resized\"><a href=\"http:\/\/www.xn--soar-epa.se\/wp-content\/uploads\/2022\/06\/601508741000..jpg\"><img loading=\"lazy\" decoding=\"async\" width=\"960\" height=\"960\" src=\"http:\/\/www.xn--soar-epa.se\/wp-content\/uploads\/2022\/06\/601508741000..jpg\" alt=\"\" class=\"wp-image-1275\" style=\"width:281px;height:auto\" srcset=\"https:\/\/www.xn--soar-epa.se\/wp-content\/uploads\/2022\/06\/601508741000..jpg 960w, https:\/\/www.xn--soar-epa.se\/wp-content\/uploads\/2022\/06\/601508741000.-300x300.jpg 300w, https:\/\/www.xn--soar-epa.se\/wp-content\/uploads\/2022\/06\/601508741000.-150x150.jpg 150w, https:\/\/www.xn--soar-epa.se\/wp-content\/uploads\/2022\/06\/601508741000.-768x768.jpg 768w\" sizes=\"auto, (max-width: 960px) 100vw, 960px\" \/><\/a><\/figure>\n\n\n\n<p><\/p>\n\n\n\n<p>Vi har svalkande Riesling (FRA &amp; AUT), Gr\u00fcner Veltliner (AUT) &amp; Gew\u00fcrztraminer (FRA) p\u00e5 kylning. H\u00e4rliga r\u00f6dviner &#8211; Barbera (ITA), Chianti (ITA), Cabernet Franc (FRA).  Fr\u00e4scht bubbligt som Spumante (ITA), Cr\u00e9mant (FRA) &amp; Champagne, cider &amp; flera \u00f6lsorter &#8211; ljus lager, Weissbier, I P A samt Kirsch eller avec\/drinkar.<\/p>\n\n\n\n<p>V\u00e5ra drycker \u00e4r alla passande till v\u00e5r goda mat. <\/p>\n\n\n\n<p>Priser: \u00d6l\/cider fr\u00e5n 68 kr, Vin &amp; mousserande fr\u00e5n 96 kr, Avec fr\u00e5n 82 kr, Drinkar fr\u00e5n 138 kr.<\/p>\n\n\n\n<p>L\u00e4sk\/mineralvatten 42 kr, kaffe\/te 42 kr. Alkoholfri \u00f6l 52 kr, Alkoholfri Cider 59 kr, Nozeco vegan 59 kr.<\/p>\n\n\n\n<p>Har du fr\u00e5gor om v\u00e5r mat eller dryck s\u00e5 kontakta oss g\u00e4rna p\u00e5 076-0981018 (ring eller sms.a) eller maila till madelene@soar\u00e9.se<\/p>\n","protected":false},"excerpt":{"rendered":"<p>Vi har svalkande Riesling (FRA &amp; AUT), Gr\u00fcner Veltliner (AUT) &amp; Gew\u00fcrztraminer (FRA) p\u00e5 kylning. H\u00e4rliga r\u00f6dviner &#8211; Barbera (ITA), Chianti (ITA), Cabernet Franc (FRA). Fr\u00e4scht bubbligt som Spumante (ITA), Cr\u00e9mant (FRA) &amp; Champagne, cider &amp; flera \u00f6lsorter &#8211; ljus lager, Weissbier, I P A samt Kirsch eller avec\/drinkar. V\u00e5ra drycker \u00e4r alla passande till &hellip; <a href=\"https:\/\/www.xn--soar-epa.se\/?page_id=1596\" class=\"more-link\">Forts\u00e4tt l\u00e4sa <span class=\"screen-reader-text\">Dryck \/ Beverages<\/span> <span class=\"meta-nav\">&rarr;<\/span><\/a><\/p>\n","protected":false},"author":1,"featured_media":0,"parent":0,"menu_order":0,"comment_status":"closed","ping_status":"closed","template":"","meta":{"footnotes":""},"class_list":["post-1596","page","type-page","status-publish","hentry"],"_links":{"self":[{"href":"https:\/\/www.xn--soar-epa.se\/index.php?rest_route=\/wp\/v2\/pages\/1596","targetHints":{"allow":["GET"]}}],"collection":[{"href":"https:\/\/www.xn--soar-epa.se\/index.php?rest_route=\/wp\/v2\/pages"}],"about":[{"href":"https:\/\/www.xn--soar-epa.se\/index.php?rest_route=\/wp\/v2\/types\/page"}],"author":[{"embeddable":true,"href":"https:\/\/www.xn--soar-epa.se\/index.php?rest_route=\/wp\/v2\/users\/1"}],"replies":[{"embeddable":true,"href":"https:\/\/www.xn--soar-epa.se\/index.php?rest_route=%2Fwp%2Fv2%2Fcomments&post=1596"}],"version-history":[{"count":10,"href":"https:\/\/www.xn--soar-epa.se\/index.php?rest_route=\/wp\/v2\/pages\/1596\/revisions"}],"predecessor-version":[{"id":1818,"href":"https:\/\/www.xn--soar-epa.se\/index.php?rest_route=\/wp\/v2\/pages\/1596\/revisions\/1818"}],"wp:attachment":[{"href":"https:\/\/www.xn--soar-epa.se\/index.php?rest_route=%2Fwp%2Fv2%2Fmedia&parent=1596"}],"curies":[{"name":"wp","href":"https:\/\/api.w.org\/{rel}","templated":true}]}}