{"id":1675,"date":"2025-09-17T18:54:17","date_gmt":"2025-09-17T16:54:17","guid":{"rendered":"http:\/\/www.xn--soar-epa.se\/?page_id=1675"},"modified":"2026-03-25T20:52:51","modified_gmt":"2026-03-25T19:52:51","slug":"storre-sallskap-larger-groups","status":"publish","type":"page","link":"https:\/\/www.xn--soar-epa.se\/?page_id=1675","title":{"rendered":"St\u00f6rre s\u00e4llskap \/ Larger groups"},"content":{"rendered":"<div class=\"is-root-container is-desktop-preview is-layout-flow wp-block-post-content block-editor-block-list__layout\"><hr \/>\n<p id=\"block-4addbb71-9ebd-49d5-b98f-1d26649b08f2\" class=\"block-editor-rich-text__editable block-editor-block-list__block wp-block wp-block-paragraph rich-text\" role=\"document\" contenteditable=\"true\" aria-multiline=\"true\" aria-label=\"Block: stycke\" data-block=\"4addbb71-9ebd-49d5-b98f-1d26649b08f2\" data-type=\"core\/paragraph\" data-title=\"Stycke\" data-empty=\"false\" data-wp-block-attribute-key=\"content\">Vi tar max 14-18 personer per matsal.<\/p>\n<p>F\u00f6r s\u00e4llskap fler \u00e4n 5 st vill vi v\u00e4nligen veta era menyval f\u00f6re ert bes\u00f6k. Detta f\u00f6r att f\u00f6rbereda k\u00f6k, ev omm\u00f6blering, dukning e t c<\/p>\n<p>Vid avbokning samma dag som bokningen tar vi ut en avgift om 100 kr\/avbokat antal.<\/p>\n<p id=\"block-f1a3e836-5238-4931-80bc-8eceb8c54272\" class=\"block-editor-rich-text__editable block-editor-block-list__block wp-block wp-block-paragraph rich-text\" role=\"document\" contenteditable=\"true\" aria-multiline=\"true\" aria-label=\"Block: stycke\" data-block=\"f1a3e836-5238-4931-80bc-8eceb8c54272\" data-type=\"core\/paragraph\" data-title=\"Stycke\" data-empty=\"false\" data-wp-block-attribute-key=\"content\"><strong>V\u00e4lj MAX tv\u00e5 (2) slags menyer f\u00f6r hela s\u00e4llskapet (priser per person).<\/strong> Detta f\u00f6r att allt ska f\u00e5 plats. I vissa fall &amp; vid 14 st eller fler fungerar det endast med ett menyval f\u00f6r hela gruppen.<\/p>\n<p>V\u00e4ljer ni Raclette 320 kr &amp;\/eller K\u00f6ttfondue 320 kr s\u00e5 vill vi \u00e4ven veta val av tillbeh\u00f6r (per person).<\/p>\n<p>Se v\u00e5ra menyer under Menyfliken.<\/p>\n<p id=\"block-5ecbd0fd-31c5-473c-8494-4447e421de24\" class=\"block-editor-rich-text__editable block-editor-block-list__block wp-block wp-block-paragraph rich-text\" role=\"document\" contenteditable=\"true\" aria-multiline=\"true\" aria-label=\"Block: stycke\" data-block=\"5ecbd0fd-31c5-473c-8494-4447e421de24\" data-type=\"core\/paragraph\" data-title=\"Stycke\" data-empty=\"false\" data-wp-block-attribute-key=\"content\">Vi kommer vid bekr\u00e4ftelse av bokning s\u00e4nda er mer information.<\/p>\n<p>&nbsp;<\/p>\n<hr \/>\n<p>At the most 14-18 guests per room.<\/p>\n<p>If you are more then five (5) guests we kindly need to know your choice of menu to prepare the kitchen, set tables e t c<\/p>\n<p>For cancellations on the same day, we charge a fee of 100 sek\/cancellation.<\/p>\n<p><strong>Choose at the most two (2) kinds of menus for the whole group (price per person).\u00a0<\/strong>We need all the space. If 14 guests or more, one menu for the whole group.<\/p>\n<p id=\"block-118407a7-9209-47b4-ab2f-d8275f0a14dd\" class=\"block-editor-rich-text__editable block-editor-block-list__block wp-block wp-block-paragraph rich-text\" role=\"document\" contenteditable=\"true\" aria-multiline=\"true\" aria-label=\"Block: stycke\" data-block=\"118407a7-9209-47b4-ab2f-d8275f0a14dd\" data-type=\"core\/paragraph\" data-title=\"Stycke\" data-empty=\"false\" data-wp-block-attribute-key=\"content\">Please notice to choose accessories per person that is including to the raclette 320 kr and meat\/or Fondue 320 kr.\u00a0<\/p>\n<p>We will send you all the information when we confirm the reservation.<\/p>\n<p>&nbsp;<\/p>\n<p><a href=\"http:\/\/www.xn--soar-epa.se\/wp-content\/uploads\/2025\/03\/this-is-soare.jpg\"><img loading=\"lazy\" decoding=\"async\" class=\"alignnone  wp-image-1681\" src=\"http:\/\/www.xn--soar-epa.se\/wp-content\/uploads\/2025\/03\/this-is-soare-238x300.jpg\" alt=\"\" width=\"492\" height=\"620\" srcset=\"https:\/\/www.xn--soar-epa.se\/wp-content\/uploads\/2025\/03\/this-is-soare-238x300.jpg 238w, https:\/\/www.xn--soar-epa.se\/wp-content\/uploads\/2025\/03\/this-is-soare-811x1024.jpg 811w, https:\/\/www.xn--soar-epa.se\/wp-content\/uploads\/2025\/03\/this-is-soare-768x969.jpg 768w, https:\/\/www.xn--soar-epa.se\/wp-content\/uploads\/2025\/03\/this-is-soare-1217x1536.jpg 1217w, https:\/\/www.xn--soar-epa.se\/wp-content\/uploads\/2025\/03\/this-is-soare.jpg 1366w\" sizes=\"auto, (max-width: 492px) 100vw, 492px\" \/><\/a><\/p>\n<\/div>\n\n\n<p><\/p>\n","protected":false},"excerpt":{"rendered":"<p>Vi tar max 14-18 personer per matsal. F\u00f6r s\u00e4llskap fler \u00e4n 5 st vill vi v\u00e4nligen veta era menyval f\u00f6re ert bes\u00f6k. Detta f\u00f6r att f\u00f6rbereda k\u00f6k, ev omm\u00f6blering, dukning e t c Vid avbokning samma dag som bokningen tar vi ut en avgift om 100 kr\/avbokat antal. V\u00e4lj MAX tv\u00e5 (2) slags menyer f\u00f6r &hellip; <a href=\"https:\/\/www.xn--soar-epa.se\/?page_id=1675\" class=\"more-link\">Forts\u00e4tt l\u00e4sa <span class=\"screen-reader-text\">St\u00f6rre s\u00e4llskap \/ Larger groups<\/span> <span class=\"meta-nav\">&rarr;<\/span><\/a><\/p>\n","protected":false},"author":1,"featured_media":0,"parent":0,"menu_order":0,"comment_status":"closed","ping_status":"closed","template":"","meta":{"footnotes":""},"class_list":["post-1675","page","type-page","status-publish","hentry"],"_links":{"self":[{"href":"https:\/\/www.xn--soar-epa.se\/index.php?rest_route=\/wp\/v2\/pages\/1675","targetHints":{"allow":["GET"]}}],"collection":[{"href":"https:\/\/www.xn--soar-epa.se\/index.php?rest_route=\/wp\/v2\/pages"}],"about":[{"href":"https:\/\/www.xn--soar-epa.se\/index.php?rest_route=\/wp\/v2\/types\/page"}],"author":[{"embeddable":true,"href":"https:\/\/www.xn--soar-epa.se\/index.php?rest_route=\/wp\/v2\/users\/1"}],"replies":[{"embeddable":true,"href":"https:\/\/www.xn--soar-epa.se\/index.php?rest_route=%2Fwp%2Fv2%2Fcomments&post=1675"}],"version-history":[{"count":9,"href":"https:\/\/www.xn--soar-epa.se\/index.php?rest_route=\/wp\/v2\/pages\/1675\/revisions"}],"predecessor-version":[{"id":1848,"href":"https:\/\/www.xn--soar-epa.se\/index.php?rest_route=\/wp\/v2\/pages\/1675\/revisions\/1848"}],"wp:attachment":[{"href":"https:\/\/www.xn--soar-epa.se\/index.php?rest_route=%2Fwp%2Fv2%2Fmedia&parent=1675"}],"curies":[{"name":"wp","href":"https:\/\/api.w.org\/{rel}","templated":true}]}}