{"id":486,"date":"2023-01-10T14:11:00","date_gmt":"2023-01-10T13:11:00","guid":{"rendered":"http:\/\/www.xn--soar-epa.se\/?page_id=486"},"modified":"2026-01-13T17:30:55","modified_gmt":"2026-01-13T16:30:55","slug":"meny","status":"publish","type":"page","link":"https:\/\/www.xn--soar-epa.se\/?page_id=486","title":{"rendered":"Menyer \/ Menus 2026"},"content":{"rendered":"<h3>Priserna \u00e4r per person \/ <span style=\"color: #0000ff;\">Menu prices per person.<\/span> <span style=\"color: #800000;\">All you can eat!\u00a0<\/span><\/h3>\n<p><a href=\"http:\/\/www.xn--soar-epa.se\/wp-content\/uploads\/2025\/07\/Raclette-ny-2025.png\"><img loading=\"lazy\" decoding=\"async\" class=\"alignnone  wp-image-1743\" src=\"http:\/\/www.xn--soar-epa.se\/wp-content\/uploads\/2025\/07\/Raclette-ny-2025-204x300.png\" alt=\"\" width=\"332\" height=\"488\" srcset=\"https:\/\/www.xn--soar-epa.se\/wp-content\/uploads\/2025\/07\/Raclette-ny-2025-204x300.png 204w, https:\/\/www.xn--soar-epa.se\/wp-content\/uploads\/2025\/07\/Raclette-ny-2025.png 372w\" sizes=\"auto, (max-width: 332px) 100vw, 332px\" \/><\/a><\/p>\n<p><strong>Racletteosten \u00e4r past\u00f6riserad \/<span style=\"color: #0000ff;\"> Pasteurized raclette cheese <\/span><\/strong><\/p>\n<p><em>OBS! <\/em><em>Vegetariska \/veganska alternativ finns till v\u00e5ra Raclettemenyer, ej till v\u00e5r K\u00f6ttfonduemeny. Potatisgrat\u00e4ng finns dock inte som veganskt alternativ. <\/em><\/p>\n<p><em><span style=\"color: #0000ff;\">Vegan\/Vegetarian options = Raclette menus, let us know, in good time, before you arrive. \u00a0<\/span><\/em><span style=\"color: #0000ff;\">Sorry, you could not get the potato gratin as vegan option.<\/span><\/p>\n<p><a href=\"http:\/\/www.xn--soar-epa.se\/wp-content\/uploads\/2025\/07\/Raclette-original-ny-2025.png\"><img loading=\"lazy\" decoding=\"async\" class=\"alignnone  wp-image-1744\" src=\"http:\/\/www.xn--soar-epa.se\/wp-content\/uploads\/2025\/07\/Raclette-original-ny-2025-205x300.png\" alt=\"\" width=\"330\" height=\"483\" srcset=\"https:\/\/www.xn--soar-epa.se\/wp-content\/uploads\/2025\/07\/Raclette-original-ny-2025-205x300.png 205w, https:\/\/www.xn--soar-epa.se\/wp-content\/uploads\/2025\/07\/Raclette-original-ny-2025.png 368w\" sizes=\"auto, (max-width: 330px) 100vw, 330px\" \/><\/a><\/p>\n<p><em>F\u00f6r er som \u00e4ter vegetarisk eller veganskt har vi alltid fina alternativ till n\u00f6tk\u00f6tt, chorizo &amp; ost.\u00a0 <\/em><em>Meddela oss i god tid n\u00e4r ni bokar, speciellt vid ev veganskt alternativ d\u00e5 vi har lite mer att f\u00f6rbereda \u00e5t dig.\u00a0 <\/em><\/p>\n<p><span style=\"color: #0000ff;\"><em>Vegan\/Vegetarian options = Raclette menus, let us know, in good time, before you arrive. We need extra time to prepare, especially if <strong>vegan o<\/strong>ption.\u00a0<\/em><\/span><\/p>\n<hr \/>\n<p><a href=\"http:\/\/www.xn--soar-epa.se\/wp-content\/uploads\/2025\/07\/Ostfondue-ny-2025.png\"><img loading=\"lazy\" decoding=\"async\" class=\"alignnone  wp-image-1745\" src=\"http:\/\/www.xn--soar-epa.se\/wp-content\/uploads\/2025\/07\/Ostfondue-ny-2025-205x300.png\" alt=\"\" width=\"329\" height=\"481\" srcset=\"https:\/\/www.xn--soar-epa.se\/wp-content\/uploads\/2025\/07\/Ostfondue-ny-2025-205x300.png 205w, https:\/\/www.xn--soar-epa.se\/wp-content\/uploads\/2025\/07\/Ostfondue-ny-2025.png 371w\" sizes=\"auto, (max-width: 329px) 100vw, 329px\" \/><\/a><\/p>\n<p><strong>Ej past\u00f6riserad ost i ostfonduen \/ <span style=\"color: #0000ff;\">No pasteurized cheese in the fondue.<\/span><\/strong><\/p>\n<p>Vi har en helt glutenfri Ostfondue men s\u00e4g till i god tid om du vill ha glutenfritt br\u00f6d.<\/p>\n<p><span style=\"color: #0000ff;\">No gluten in the cheese fondue, but if you want gluten free bread please let us know in good time, so we can prepare for you.<\/span><\/p>\n<hr \/>\n<p>&nbsp;<\/p>\n<p><a href=\"http:\/\/www.xn--soar-epa.se\/wp-content\/uploads\/2025\/07\/Fondue-ny-2025.png\"><img loading=\"lazy\" decoding=\"async\" class=\"alignnone  wp-image-1746\" src=\"http:\/\/www.xn--soar-epa.se\/wp-content\/uploads\/2025\/07\/Fondue-ny-2025-208x300.png\" alt=\"\" width=\"326\" height=\"471\" srcset=\"https:\/\/www.xn--soar-epa.se\/wp-content\/uploads\/2025\/07\/Fondue-ny-2025-208x300.png 208w, https:\/\/www.xn--soar-epa.se\/wp-content\/uploads\/2025\/07\/Fondue-ny-2025.png 372w\" sizes=\"auto, (max-width: 326px) 100vw, 326px\" \/><\/a><\/p>\n<p>K\u00f6ttfondue, finns ej som vegetariskt.<span style=\"color: #0000ff;\"> No vegetarian options to the meat fondue.<\/span><\/p>\n<hr \/>\n<p>Raclette<\/p>\n<p><a href=\"http:\/\/www.xn--soar-epa.se\/wp-content\/uploads\/2024\/08\/IMG_0017-scaled.jpg\"><img loading=\"lazy\" decoding=\"async\" class=\"alignnone  wp-image-1538\" src=\"http:\/\/www.xn--soar-epa.se\/wp-content\/uploads\/2024\/08\/IMG_0017-300x200.jpg\" alt=\"\" width=\"377\" height=\"252\" srcset=\"https:\/\/www.xn--soar-epa.se\/wp-content\/uploads\/2024\/08\/IMG_0017-300x200.jpg 300w, https:\/\/www.xn--soar-epa.se\/wp-content\/uploads\/2024\/08\/IMG_0017-1024x683.jpg 1024w, https:\/\/www.xn--soar-epa.se\/wp-content\/uploads\/2024\/08\/IMG_0017-768x512.jpg 768w, https:\/\/www.xn--soar-epa.se\/wp-content\/uploads\/2024\/08\/IMG_0017-1536x1024.jpg 1536w, https:\/\/www.xn--soar-epa.se\/wp-content\/uploads\/2024\/08\/IMG_0017-2048x1365.jpg 2048w\" sizes=\"auto, (max-width: 377px) 100vw, 377px\" \/><\/a><\/p>\n<p>Raclette<\/p>\n<p><a href=\"http:\/\/www.xn--soar-epa.se\/wp-content\/uploads\/2024\/08\/IMG_0012-scaled.jpg\"><img loading=\"lazy\" decoding=\"async\" class=\"alignnone  wp-image-1543\" src=\"http:\/\/www.xn--soar-epa.se\/wp-content\/uploads\/2024\/08\/IMG_0012-300x200.jpg\" alt=\"\" width=\"376\" height=\"251\" srcset=\"https:\/\/www.xn--soar-epa.se\/wp-content\/uploads\/2024\/08\/IMG_0012-300x200.jpg 300w, https:\/\/www.xn--soar-epa.se\/wp-content\/uploads\/2024\/08\/IMG_0012-1024x683.jpg 1024w, https:\/\/www.xn--soar-epa.se\/wp-content\/uploads\/2024\/08\/IMG_0012-768x512.jpg 768w, https:\/\/www.xn--soar-epa.se\/wp-content\/uploads\/2024\/08\/IMG_0012-1536x1024.jpg 1536w, https:\/\/www.xn--soar-epa.se\/wp-content\/uploads\/2024\/08\/IMG_0012-2048x1365.jpg 2048w\" sizes=\"auto, (max-width: 376px) 100vw, 376px\" \/><\/a><\/p>\n<hr \/>\n<p>Ostfondue \/ <span style=\"color: #0000ff;\">Cheese fondue<\/span><\/p>\n<p><a href=\"http:\/\/www.xn--soar-epa.se\/wp-content\/uploads\/2025\/05\/ost.jpg\"><img loading=\"lazy\" decoding=\"async\" class=\"alignnone  wp-image-1726\" src=\"http:\/\/www.xn--soar-epa.se\/wp-content\/uploads\/2025\/05\/ost-300x300.jpg\" alt=\"\" width=\"374\" height=\"374\" srcset=\"https:\/\/www.xn--soar-epa.se\/wp-content\/uploads\/2025\/05\/ost-300x300.jpg 300w, https:\/\/www.xn--soar-epa.se\/wp-content\/uploads\/2025\/05\/ost-150x150.jpg 150w, https:\/\/www.xn--soar-epa.se\/wp-content\/uploads\/2025\/05\/ost.jpg 640w\" sizes=\"auto, (max-width: 374px) 100vw, 374px\" \/><\/a><\/p>\n<hr \/>\n<p>K\u00f6ttfondue \/ <span style=\"color: #0000ff;\">Meat fondue<\/span><\/p>\n<p><a href=\"http:\/\/www.xn--soar-epa.se\/wp-content\/uploads\/2024\/08\/IMG_0015-scaled.jpg\"><img loading=\"lazy\" decoding=\"async\" class=\"alignnone  wp-image-1544\" src=\"http:\/\/www.xn--soar-epa.se\/wp-content\/uploads\/2024\/08\/IMG_0015-300x200.jpg\" alt=\"\" width=\"376\" height=\"250\" srcset=\"https:\/\/www.xn--soar-epa.se\/wp-content\/uploads\/2024\/08\/IMG_0015-300x200.jpg 300w, https:\/\/www.xn--soar-epa.se\/wp-content\/uploads\/2024\/08\/IMG_0015-1024x683.jpg 1024w, https:\/\/www.xn--soar-epa.se\/wp-content\/uploads\/2024\/08\/IMG_0015-768x512.jpg 768w, https:\/\/www.xn--soar-epa.se\/wp-content\/uploads\/2024\/08\/IMG_0015-1536x1024.jpg 1536w, https:\/\/www.xn--soar-epa.se\/wp-content\/uploads\/2024\/08\/IMG_0015-2048x1365.jpg 2048w\" sizes=\"auto, (max-width: 376px) 100vw, 376px\" \/><\/a><\/p>\n<hr \/>\n<h4>Har du fr\u00e5gor om v\u00e5r mat s\u00e5 kontakta oss g\u00e4rna p\u00e5 076-0981018 (ring eller sms.a enkelt) eller maila till madelene@soar\u00e9.se<\/h4>\n<p><span style=\"color: #000000;\">Vi har inga stressiga sittningstider, bordet \u00e4r ert f\u00f6r hela kv\u00e4llen \/<\/span><span style=\"color: #0000ff;\"> The table remains at your disposal all evening. No stress!<\/span><\/p>\n\n\n<p><\/p>\n","protected":false},"excerpt":{"rendered":"<p>Priserna \u00e4r per person \/ Menu prices per person. All you can eat!\u00a0 Racletteosten \u00e4r past\u00f6riserad \/ Pasteurized raclette cheese OBS! Vegetariska \/veganska alternativ finns till v\u00e5ra Raclettemenyer, ej till v\u00e5r K\u00f6ttfonduemeny. Potatisgrat\u00e4ng finns dock inte som veganskt alternativ. Vegan\/Vegetarian options = Raclette menus, let us know, in good time, before you arrive. \u00a0Sorry, you &hellip; <a href=\"https:\/\/www.xn--soar-epa.se\/?page_id=486\" class=\"more-link\">Forts\u00e4tt l\u00e4sa <span class=\"screen-reader-text\">Menyer \/ Menus 2026<\/span> <span class=\"meta-nav\">&rarr;<\/span><\/a><\/p>\n","protected":false},"author":1,"featured_media":0,"parent":0,"menu_order":0,"comment_status":"closed","ping_status":"closed","template":"","meta":{"footnotes":""},"class_list":["post-486","page","type-page","status-publish","hentry"],"_links":{"self":[{"href":"https:\/\/www.xn--soar-epa.se\/index.php?rest_route=\/wp\/v2\/pages\/486","targetHints":{"allow":["GET"]}}],"collection":[{"href":"https:\/\/www.xn--soar-epa.se\/index.php?rest_route=\/wp\/v2\/pages"}],"about":[{"href":"https:\/\/www.xn--soar-epa.se\/index.php?rest_route=\/wp\/v2\/types\/page"}],"author":[{"embeddable":true,"href":"https:\/\/www.xn--soar-epa.se\/index.php?rest_route=\/wp\/v2\/users\/1"}],"replies":[{"embeddable":true,"href":"https:\/\/www.xn--soar-epa.se\/index.php?rest_route=%2Fwp%2Fv2%2Fcomments&post=486"}],"version-history":[{"count":126,"href":"https:\/\/www.xn--soar-epa.se\/index.php?rest_route=\/wp\/v2\/pages\/486\/revisions"}],"predecessor-version":[{"id":1832,"href":"https:\/\/www.xn--soar-epa.se\/index.php?rest_route=\/wp\/v2\/pages\/486\/revisions\/1832"}],"wp:attachment":[{"href":"https:\/\/www.xn--soar-epa.se\/index.php?rest_route=%2Fwp%2Fv2%2Fmedia&parent=486"}],"curies":[{"name":"wp","href":"https:\/\/api.w.org\/{rel}","templated":true}]}}