{"id":494,"date":"2021-05-31T14:23:00","date_gmt":"2021-05-31T12:23:00","guid":{"rendered":"http:\/\/www.xn--soar-epa.se\/?page_id=494"},"modified":"2025-11-26T20:36:47","modified_gmt":"2025-11-26T19:36:47","slug":"kontaktboka-bordfolj-soare","status":"publish","type":"page","link":"https:\/\/www.xn--soar-epa.se\/?page_id=494","title":{"rendered":"Boka bord\/Book a table"},"content":{"rendered":"<h4>Vi har v\u00e5r h\u00f6gs\u00e4song n\u00e4r det \u00e4r m\u00f6rkt &amp; kallt ute. S\u00e5 lite sv\u00e5rare att f\u00e5 bord nu. Speciellt fredag &amp; l\u00f6rdag. Vi har inte drop in f\u00f6r middag. <span style=\"color: #0000ff;\">\/ It could be a little bit difficult to reserve a table during the winter (especially Friday &amp; Saturday).\u00a0No drop in. Only pre reservation.<\/span><\/h4>\n<hr \/>\n<h3><span style=\"color: #000000;\"><strong>V\u00e4nligen boka alltid bord &amp; g\u00e4rna god tid f\u00f6re ert bes\u00f6k. <\/strong><\/span><span style=\"color: #000000;\"><strong>G\u00e4rna senast samma f\u00f6rmiddag om m\u00f6jligt.<\/strong><\/span><\/h3>\n<p><strong>Boka snabbt &amp; smidigt genom att enkelt sms till <span style=\"color: #0000ff;\">076-098 10 18<\/span> (ja, eller ring om du vill). Det g\u00e5r \u00e4ven att maila till <span style=\"color: #0000ff;\">madelene@soar\u00e9.se\u00a0<\/span><\/strong><\/p>\n<p><em>Om du vill\/beh\u00f6ver avboka s\u00e5 var schyst &amp; meddela oss i god tid. Detta g\u00e4ller \u00e4ven vid \u00e4ndrat antal eftersom vi planerar f\u00f6r det antal ni bokat f\u00f6r.<\/em><\/p>\n<hr \/>\n<h3><span style=\"color: #000000;\"><strong>Please always make a reservation &amp; in good time before you visit us for dinner.<\/strong><\/span><\/h3>\n<p><span style=\"color: #000000;\"><strong>Easy! Just send a text message to <span style=\"color: #0000ff;\">076-098 10 18<\/span> (call if you want),\u00a0 or send us an email, <span style=\"color: #0000ff;\">madelene@soar\u00e9.se\u00a0<\/span><\/strong><\/span><\/p>\n<p><em>If you want\/need to cancel\/change your reservation, please be kind and let us know in good time, because we are planning for your visit.<\/em><\/p>\n<hr \/>\n<p><strong>F\u00f6r s\u00e4llskap fler \u00e4n 5 personer \u00f6nskar vi veta ert val av meny i f\u00f6rv\u00e4g<\/strong>. Vi informerar er mer vid bekr\u00e4ftelse.<\/p>\n<p><span style=\"color: #0000ff;\"><strong>Bigger groups (more than 5 guest) kindly needs to choose a menu, per person, before arriving. <\/strong>We will send you more information when we confirm the reservation.<\/span><\/p>\n<hr \/>\n<p><a href=\"http:\/\/www.xn--soar-epa.se\/wp-content\/uploads\/2022\/06\/641293563457..jpg\"><img loading=\"lazy\" decoding=\"async\" class=\"alignnone  wp-image-1294\" src=\"http:\/\/www.xn--soar-epa.se\/wp-content\/uploads\/2022\/06\/641293563457.-300x300.jpg\" alt=\"\" width=\"327\" height=\"327\" srcset=\"https:\/\/www.xn--soar-epa.se\/wp-content\/uploads\/2022\/06\/641293563457.-300x300.jpg 300w, https:\/\/www.xn--soar-epa.se\/wp-content\/uploads\/2022\/06\/641293563457.-1024x1024.jpg 1024w, https:\/\/www.xn--soar-epa.se\/wp-content\/uploads\/2022\/06\/641293563457.-150x150.jpg 150w, https:\/\/www.xn--soar-epa.se\/wp-content\/uploads\/2022\/06\/641293563457.-768x768.jpg 768w, https:\/\/www.xn--soar-epa.se\/wp-content\/uploads\/2022\/06\/641293563457.-1536x1536.jpg 1536w, https:\/\/www.xn--soar-epa.se\/wp-content\/uploads\/2022\/06\/641293563457..jpg 2048w\" sizes=\"auto, (max-width: 327px) 100vw, 327px\" \/><\/a><\/p>\n<h3><span style=\"color: #0000ff;\">tfn\/phone\/sms\/text message:\u00a0 076-098 10 18 <\/span><\/h3>\n<h4><span style=\"color: #0000ff;\"><span style=\"color: #000000;\">(SMS:a enkelt din bokningsf\u00f6rfr\u00e5gan\/ Easy, just send a text message)<\/span><\/span><\/h4>\n<hr \/>\n<h3><span style=\"color: #0000ff;\">mail: madelene@soar\u00e9.se<\/span><\/h3>\n<h4><em>(Gl\u00f6m inte accenttecken (\u00b4) i namnet <strong>soar\u00e9<\/strong> n\u00e4r ni ska maila &amp; <strong>Madelene<\/strong> stavas just <strong>Madelene<\/strong>.)\u00a0<\/em><\/h4>\n<h4><em>Please check spelling when you send an email.\u00a0<\/em><\/h4>\n<h4><em>Skriv g\u00e4rna med ditt mobilnummer i mailet.\u00a0<\/em><\/h4>\n<hr \/>\n<h5>F\u00f6lj g\u00e4rna soar\u00e9 p\u00e5 Instagram (d\u00e4r vi h\u00e5ller till d\u00e5 &amp; d\u00e5).<br \/>\nD\u00e4r ser ni fler foton p\u00e5 v\u00e5r lokal &amp; smarriga mat. <span style=\"color: #0000ff;\">instagram \/ facebook: soare.sthlm<\/span><\/h5>\n<p><a href=\"http:\/\/www.xn--soar-epa.se\/wp-content\/uploads\/2019\/05\/548889352811..jpg\"><img loading=\"lazy\" decoding=\"async\" class=\"alignnone  wp-image-942\" src=\"http:\/\/www.xn--soar-epa.se\/wp-content\/uploads\/2019\/05\/548889352811.-233x300.jpg\" alt=\"\" width=\"326\" height=\"420\" srcset=\"https:\/\/www.xn--soar-epa.se\/wp-content\/uploads\/2019\/05\/548889352811.-233x300.jpg 233w, https:\/\/www.xn--soar-epa.se\/wp-content\/uploads\/2019\/05\/548889352811.-768x990.jpg 768w, https:\/\/www.xn--soar-epa.se\/wp-content\/uploads\/2019\/05\/548889352811.-794x1024.jpg 794w, https:\/\/www.xn--soar-epa.se\/wp-content\/uploads\/2019\/05\/548889352811..jpg 1164w\" sizes=\"auto, (max-width: 326px) 100vw, 326px\" \/><\/a><\/p>\n<h2><span style=\"color: #993300;\">Varmt v\u00e4lkomna till soar\u00e9!<\/span><\/h2>\n","protected":false},"excerpt":{"rendered":"<p>Vi har v\u00e5r h\u00f6gs\u00e4song n\u00e4r det \u00e4r m\u00f6rkt &amp; kallt ute. S\u00e5 lite sv\u00e5rare att f\u00e5 bord nu. Speciellt fredag &amp; l\u00f6rdag. Vi har inte drop in f\u00f6r middag. \/ It could be a little bit difficult to reserve a table during the winter (especially Friday &amp; Saturday).\u00a0No drop in. Only pre reservation. V\u00e4nligen boka &hellip; <a href=\"https:\/\/www.xn--soar-epa.se\/?page_id=494\" class=\"more-link\">Forts\u00e4tt l\u00e4sa <span class=\"screen-reader-text\">Boka bord\/Book a table<\/span> <span class=\"meta-nav\">&rarr;<\/span><\/a><\/p>\n","protected":false},"author":1,"featured_media":0,"parent":0,"menu_order":0,"comment_status":"closed","ping_status":"closed","template":"","meta":{"footnotes":""},"class_list":["post-494","page","type-page","status-publish","hentry"],"_links":{"self":[{"href":"https:\/\/www.xn--soar-epa.se\/index.php?rest_route=\/wp\/v2\/pages\/494","targetHints":{"allow":["GET"]}}],"collection":[{"href":"https:\/\/www.xn--soar-epa.se\/index.php?rest_route=\/wp\/v2\/pages"}],"about":[{"href":"https:\/\/www.xn--soar-epa.se\/index.php?rest_route=\/wp\/v2\/types\/page"}],"author":[{"embeddable":true,"href":"https:\/\/www.xn--soar-epa.se\/index.php?rest_route=\/wp\/v2\/users\/1"}],"replies":[{"embeddable":true,"href":"https:\/\/www.xn--soar-epa.se\/index.php?rest_route=%2Fwp%2Fv2%2Fcomments&post=494"}],"version-history":[{"count":145,"href":"https:\/\/www.xn--soar-epa.se\/index.php?rest_route=\/wp\/v2\/pages\/494\/revisions"}],"predecessor-version":[{"id":1828,"href":"https:\/\/www.xn--soar-epa.se\/index.php?rest_route=\/wp\/v2\/pages\/494\/revisions\/1828"}],"wp:attachment":[{"href":"https:\/\/www.xn--soar-epa.se\/index.php?rest_route=%2Fwp%2Fv2%2Fmedia&parent=494"}],"curies":[{"name":"wp","href":"https:\/\/api.w.org\/{rel}","templated":true}]}}