{"id":502,"date":"2023-09-19T18:48:45","date_gmt":"2023-09-19T16:48:45","guid":{"rendered":"http:\/\/www.xn--soar-epa.se\/?page_id=502"},"modified":"2026-03-25T19:09:34","modified_gmt":"2026-03-25T18:09:34","slug":"oppettider","status":"publish","type":"page","link":"https:\/\/www.xn--soar-epa.se\/?page_id=502","title":{"rendered":"\u00f6ppettider\/opening hours 2026"},"content":{"rendered":"<h3><em>Varmt v\u00e4lkomna \/ Welcome!<\/em><\/h3>\n<h4><b>soar\u00e9<\/b> har <em>oftast<\/em> \u00f6ppet tisdag-l\u00f6rdag mellan ca kl 17.30 &amp; ca kl 22.00\/23.00 (vi st\u00e4nger senare f\u00f6r g\u00e4ster som \u00e4r i lokalen &amp; \u00f6nskar sitta kvar l\u00e4ngre, d\u00e5 senast vid kl 00.00.)<\/h4>\n<hr \/>\n<h4>Opening hours &#8211; usually open Tuesday-Saturday, ca 17.30 until at the latest 00.00.<\/h4>\n<hr \/>\n<p><strong><span style=\"color: #ff0000;\">P\u00c5SK\/EASTER &#8211; Closed\u00a0 &#8211; L\u00e5ngfredag (3 april), P\u00e5skafton (4 april)<\/span><\/strong><\/p>\n<hr \/>\n<h4><span style=\"color: #000000;\">H\u00e4r p\u00e5 soar\u00e9 \u00e4r det endast f\u00f6rbokning &amp; v\u00e4nligen i god tid f\u00f6re bes\u00f6k \/ <span style=\"color: #0000ff;\">Please always make a reservation before you visit us for dinner. Welcome!<\/span><\/span><\/h4>\n<hr \/>\n<h4><strong>Reserve a table \/ Boka bord: <\/strong><\/h4>\n<h4><span style=\"color: #0000ff;\"><span style=\"color: #000000;\">Enkelt &#8211; s\u00e4nd ett <\/span><\/span><span style=\"color: #000000;\">sms\/text<\/span><span style=\"color: #0000ff;\"><span style=\"color: #000000;\"> message till <\/span><\/span><strong><span style=\"color: #0000ff;\">076-0981018\u00a0<\/span><\/strong><span style=\"color: #0000ff;\"><span style=\"color: #000000;\">eller ring\/call<\/span><\/span><\/h4>\n<h4><strong><span style=\"color: #0000ff;\"><span style=\"color: #000000;\">Det g\u00e5r ocks\u00e5 bra att mail\/email till<\/span> madelene@soar\u00e9.se\u00a0<\/span><\/strong><\/h4>\n<hr \/>\n<p>\u00c4r ni ett st\u00f6rre s\u00e4llskap (10+) &amp; \u00f6nskar boka in en s\u00f6ndag eller m\u00e5ndag? S\u00e4nd en f\u00f6rfr\u00e5gan. Det kan m\u00f6jligen fungera.<\/p>\n<p><a href=\"http:\/\/www.xn--soar-epa.se\/wp-content\/uploads\/2025\/02\/Skarmklipp.png\"><img loading=\"lazy\" decoding=\"async\" class=\"alignnone  wp-image-1669\" src=\"http:\/\/www.xn--soar-epa.se\/wp-content\/uploads\/2025\/02\/Skarmklipp-248x300.png\" alt=\"\" width=\"325\" height=\"393\" srcset=\"https:\/\/www.xn--soar-epa.se\/wp-content\/uploads\/2025\/02\/Skarmklipp-248x300.png 248w, https:\/\/www.xn--soar-epa.se\/wp-content\/uploads\/2025\/02\/Skarmklipp.png 361w\" sizes=\"auto, (max-width: 325px) 100vw, 325px\" \/><\/a><\/p>\n<hr \/>\n<p>Vi har v\u00e5r h\u00f6gs\u00e4song n\u00e4r det \u00e4r m\u00f6rkt &amp; kallt ute. S\u00e5 lite sv\u00e5rare att f\u00e5 bord d\u00e5. <span style=\"color: #0000ff;\">\/ It could be a little bit difficult to reserve a table during the winter (especially weekends).<\/span><\/p>\n<p><a href=\"http:\/\/www.xn--soar-epa.se\/wp-content\/uploads\/2024\/08\/IMG_0095.jpg\"><img loading=\"lazy\" decoding=\"async\" class=\"alignnone size-medium wp-image-1539\" src=\"http:\/\/www.xn--soar-epa.se\/wp-content\/uploads\/2024\/08\/IMG_0095-300x300.jpg\" alt=\"\" width=\"300\" height=\"300\" srcset=\"https:\/\/www.xn--soar-epa.se\/wp-content\/uploads\/2024\/08\/IMG_0095-300x300.jpg 300w, https:\/\/www.xn--soar-epa.se\/wp-content\/uploads\/2024\/08\/IMG_0095-1024x1024.jpg 1024w, https:\/\/www.xn--soar-epa.se\/wp-content\/uploads\/2024\/08\/IMG_0095-150x150.jpg 150w, https:\/\/www.xn--soar-epa.se\/wp-content\/uploads\/2024\/08\/IMG_0095-768x768.jpg 768w, https:\/\/www.xn--soar-epa.se\/wp-content\/uploads\/2024\/08\/IMG_0095.jpg 1280w\" sizes=\"auto, (max-width: 300px) 100vw, 300px\" \/><\/a><\/p>\n<p>&nbsp;<\/p>\n\n\n<p><\/p>\n","protected":false},"excerpt":{"rendered":"<p>Varmt v\u00e4lkomna \/ Welcome! soar\u00e9 har oftast \u00f6ppet tisdag-l\u00f6rdag mellan ca kl 17.30 &amp; ca kl 22.00\/23.00 (vi st\u00e4nger senare f\u00f6r g\u00e4ster som \u00e4r i lokalen &amp; \u00f6nskar sitta kvar l\u00e4ngre, d\u00e5 senast vid kl 00.00.) Opening hours &#8211; usually open Tuesday-Saturday, ca 17.30 until at the latest 00.00. P\u00c5SK\/EASTER &#8211; Closed\u00a0 &#8211; L\u00e5ngfredag (3 &hellip; <a href=\"https:\/\/www.xn--soar-epa.se\/?page_id=502\" class=\"more-link\">Forts\u00e4tt l\u00e4sa <span class=\"screen-reader-text\">\u00f6ppettider\/opening hours 2026<\/span> <span class=\"meta-nav\">&rarr;<\/span><\/a><\/p>\n","protected":false},"author":1,"featured_media":0,"parent":0,"menu_order":0,"comment_status":"closed","ping_status":"closed","template":"","meta":{"footnotes":""},"class_list":["post-502","page","type-page","status-publish","hentry"],"_links":{"self":[{"href":"https:\/\/www.xn--soar-epa.se\/index.php?rest_route=\/wp\/v2\/pages\/502","targetHints":{"allow":["GET"]}}],"collection":[{"href":"https:\/\/www.xn--soar-epa.se\/index.php?rest_route=\/wp\/v2\/pages"}],"about":[{"href":"https:\/\/www.xn--soar-epa.se\/index.php?rest_route=\/wp\/v2\/types\/page"}],"author":[{"embeddable":true,"href":"https:\/\/www.xn--soar-epa.se\/index.php?rest_route=\/wp\/v2\/users\/1"}],"replies":[{"embeddable":true,"href":"https:\/\/www.xn--soar-epa.se\/index.php?rest_route=%2Fwp%2Fv2%2Fcomments&post=502"}],"version-history":[{"count":234,"href":"https:\/\/www.xn--soar-epa.se\/index.php?rest_route=\/wp\/v2\/pages\/502\/revisions"}],"predecessor-version":[{"id":1846,"href":"https:\/\/www.xn--soar-epa.se\/index.php?rest_route=\/wp\/v2\/pages\/502\/revisions\/1846"}],"wp:attachment":[{"href":"https:\/\/www.xn--soar-epa.se\/index.php?rest_route=%2Fwp%2Fv2%2Fmedia&parent=502"}],"curies":[{"name":"wp","href":"https:\/\/api.w.org\/{rel}","templated":true}]}}