{"id":512,"date":"2016-11-30T14:39:21","date_gmt":"2016-11-30T13:39:21","guid":{"rendered":"http:\/\/www.xn--soar-epa.se\/?page_id=512"},"modified":"2025-03-06T21:25:57","modified_gmt":"2025-03-06T20:25:57","slug":"information","status":"publish","type":"page","link":"https:\/\/www.xn--soar-epa.se\/?page_id=512","title":{"rendered":"This is soar\u00e9"},"content":{"rendered":"<h5><span style=\"color: #000000;\"><span style=\"color: #0000ff;\">soar\u00e9<\/span> \u00f6ppnade i februari 2016 &amp; vi \u00e4r just nu unika i Stockholm med b\u00e5de v\u00e5r smarriga meny &amp; sk\u00f6na retromilj\u00f6.<\/span><\/h5>\n<p><em>Vi har inga sittningstider vilket g\u00f6r att v\u00e5ra g\u00e4ster kan njuta l\u00e4nge &amp; \u00e4ta i lugn &amp; ro. Bordet \u00e4r ert f\u00f6r hela kv\u00e4llen.<\/em><\/p>\n<h6><a href=\"http:\/\/www.xn--soar-epa.se\/wp-content\/uploads\/2025\/03\/hand.jpg\"><img loading=\"lazy\" decoding=\"async\" class=\"alignnone size-medium wp-image-1685\" src=\"http:\/\/www.xn--soar-epa.se\/wp-content\/uploads\/2025\/03\/hand-279x300.jpg\" alt=\"\" width=\"279\" height=\"300\" srcset=\"https:\/\/www.xn--soar-epa.se\/wp-content\/uploads\/2025\/03\/hand-279x300.jpg 279w, https:\/\/www.xn--soar-epa.se\/wp-content\/uploads\/2025\/03\/hand-951x1024.jpg 951w, https:\/\/www.xn--soar-epa.se\/wp-content\/uploads\/2025\/03\/hand-768x827.jpg 768w, https:\/\/www.xn--soar-epa.se\/wp-content\/uploads\/2025\/03\/hand-1426x1536.jpg 1426w, https:\/\/www.xn--soar-epa.se\/wp-content\/uploads\/2025\/03\/hand.jpg 1608w\" sizes=\"auto, (max-width: 279px) 100vw, 279px\" \/><\/a><\/h6>\n<p>P\u00e5 soar\u00e9 m\u00f6ts ofta goda v\u00e4nner &amp; fr\u00e5n f\u00f6retag eller universitet, turister fr\u00e5n n\u00e4r &amp; fj\u00e4rran, par och familjer &#8211; ja, helt enkelt alla som gillar sm\u00e4lt ost (&amp; att \u00e4ta i lugn &amp; ro).<\/p>\n<p><span style=\"color: #0000ff;\"><strong>V\u00e4nligen boka alltid bord i god tid f\u00f6re ert bes\u00f6k.<\/strong><\/span><\/p>\n<p>Varmt V\u00e4lkomna \/ Madelene<\/p>\n<hr \/>\n<p><strong>Namnet soar\u00e9<\/strong><\/p>\n<p>Aftonunderh\u00e5llning, aftonf\u00f6rest\u00e4llning, aftonsamkv\u00e4m, kabar\u00e9, jfr. fest. Ordet h\u00e4rstammar fr\u00e5n franskan, d\u00e4r ordet soir betyder afton, eftermiddag eller kv\u00e4ll, medan soire\u00e9 (uttalas som soar\u00e9) betyder afton eller aftonens lopp (dans la soir\u00e9e = under aftonens lopp), eller aftonunderh\u00e5llning, &#8221;vad som sker under aftonen&#8221; (Fransk-svensk ordbok).<\/p>\n<p class=\"firstHeading mw-first-heading\"><span class=\"Latn\">Soir\u00e9e = <\/span>evening activity, party,\u00a0<span class=\"Latn\">borrowed from french soir\u00e9e<i class=\"Latn mention\" lang=\"fr\"><\/i>.\u00a0<\/span><\/p>\n<p><a href=\"http:\/\/www.xn--soar-epa.se\/wp-content\/uploads\/2022\/06\/cheese.jpg\"><img loading=\"lazy\" decoding=\"async\" class=\"alignnone  wp-image-1288\" src=\"http:\/\/www.xn--soar-epa.se\/wp-content\/uploads\/2022\/06\/cheese-293x300.jpg\" alt=\"\" width=\"338\" height=\"346\" srcset=\"https:\/\/www.xn--soar-epa.se\/wp-content\/uploads\/2022\/06\/cheese-293x300.jpg 293w, https:\/\/www.xn--soar-epa.se\/wp-content\/uploads\/2022\/06\/cheese.jpg 638w\" sizes=\"auto, (max-width: 338px) 100vw, 338px\" \/><\/a><\/p>\n<p>Att \u00e4ta raclette och fondue \u00e4r inte bara en vanlig m\u00e5ltid. H\u00e4r \u00e4r det du sj\u00e4lv som bl a sm\u00e4lter racletteost, grillar, steker och kokar god mat vid bordet.<\/p>\n<p><strong>soar\u00e9 har inga sittningstider, vilket inneb\u00e4r att bordet \u00e4r ert f\u00f6r hela kv\u00e4llen.<\/strong><\/p>\n<p>Varmt v\u00e4lkomna till en ny restaurangupplevelse!<\/p>\n<p><a href=\"http:\/\/www.xn--soar-epa.se\/wp-content\/uploads\/2024\/04\/soare-raclete.jpg\"><img loading=\"lazy\" decoding=\"async\" class=\"alignnone  wp-image-1500\" src=\"http:\/\/www.xn--soar-epa.se\/wp-content\/uploads\/2024\/04\/soare-raclete-300x300.jpg\" alt=\"\" width=\"338\" height=\"338\" srcset=\"https:\/\/www.xn--soar-epa.se\/wp-content\/uploads\/2024\/04\/soare-raclete-300x300.jpg 300w, https:\/\/www.xn--soar-epa.se\/wp-content\/uploads\/2024\/04\/soare-raclete-1024x1024.jpg 1024w, https:\/\/www.xn--soar-epa.se\/wp-content\/uploads\/2024\/04\/soare-raclete-150x150.jpg 150w, https:\/\/www.xn--soar-epa.se\/wp-content\/uploads\/2024\/04\/soare-raclete-768x768.jpg 768w, https:\/\/www.xn--soar-epa.se\/wp-content\/uploads\/2024\/04\/soare-raclete-1536x1536.jpg 1536w, https:\/\/www.xn--soar-epa.se\/wp-content\/uploads\/2024\/04\/soare-raclete.jpg 2000w\" sizes=\"auto, (max-width: 338px) 100vw, 338px\" \/><\/a><\/p>\n<p><span style=\"color: #ff0000;\"><strong>V\u00e5ra tv\u00e5 huvudmenyer &#8211; raclette &amp; fondue<\/strong><\/span><\/p>\n<p>Raclette &#8211; Vid bordet v\u00e4rmer &amp; grillar du bl a n\u00f6tk\u00f6tt, chorizos, r\u00f6kt kassler &amp; gr\u00f6nsaker i ett modernt raclettej\u00e4rn &amp; sj\u00e4lvklart f\u00e5r du \u00e4ven en massa god racletteost som du sm\u00e4lter i din raclettepanna. <em>Varje g\u00e4st har sin egen raclettepanna.<\/em><\/p>\n<p>Fondue &#8211; Vid bordet s\u00e5 doppar &amp; v\u00e4rmer du bl a n\u00f6tk\u00f6tt, chorizos, r\u00f6kt kassler &amp; gr\u00f6nsaker i fonduegrytan som \u00e4r fylld med god het k\u00f6ttbuljong. <em>Varje g\u00e4st har egna spett.<\/em><\/p>\n<p>I menyerna ing\u00e5r det \u00e4ven pickles, cornichons, syltl\u00f6k, oliver, jalape\u00f1os, olika s\u00e5ser\/r\u00f6ror och kryddsm\u00f6r som serveras med bakad potatis, ris, kokt potatis eller grat\u00e4ng .<\/p>\n<p><span style=\"color: #0000ff;\">Se mer under fliken &#8221;Menyer\/Menus&#8221;, d\u00e4r hittar ni \u00e4ven meny Raclette original &amp; v\u00e5r h\u00e4rliga Ostfondue.<\/span><\/p>\n<p>soar\u00e9 har fullst\u00e4ndiga r\u00e4ttigheter.<\/p>\n<p><a href=\"http:\/\/www.xn--soar-epa.se\/wp-content\/uploads\/2015\/01\/4.jpg\"><img loading=\"lazy\" decoding=\"async\" class=\"alignnone size-medium wp-image-10\" src=\"http:\/\/www.xn--soar-epa.se\/wp-content\/uploads\/2015\/01\/4-300x225.jpg\" alt=\"\" width=\"300\" height=\"225\" srcset=\"https:\/\/www.xn--soar-epa.se\/wp-content\/uploads\/2015\/01\/4-300x225.jpg 300w, https:\/\/www.xn--soar-epa.se\/wp-content\/uploads\/2015\/01\/4-768x576.jpg 768w, https:\/\/www.xn--soar-epa.se\/wp-content\/uploads\/2015\/01\/4-1024x768.jpg 1024w\" sizes=\"auto, (max-width: 300px) 100vw, 300px\" \/><\/a><\/p>\n<p><a href=\"http:\/\/www.xn--soar-epa.se\/wp-content\/uploads\/2015\/01\/5.jpg\">\u00a0<\/a><\/p>\n<h6><\/h6>\n<h6><\/h6>\n<h6><\/h6>\n<h1><strong>\u00a0<\/strong><\/h1>\n","protected":false},"excerpt":{"rendered":"<p>soar\u00e9 \u00f6ppnade i februari 2016 &amp; vi \u00e4r just nu unika i Stockholm med b\u00e5de v\u00e5r smarriga meny &amp; sk\u00f6na retromilj\u00f6. Vi har inga sittningstider vilket g\u00f6r att v\u00e5ra g\u00e4ster kan njuta l\u00e4nge &amp; \u00e4ta i lugn &amp; ro. Bordet \u00e4r ert f\u00f6r hela kv\u00e4llen. P\u00e5 soar\u00e9 m\u00f6ts ofta goda v\u00e4nner &amp; fr\u00e5n f\u00f6retag eller &hellip; <a href=\"https:\/\/www.xn--soar-epa.se\/?page_id=512\" class=\"more-link\">Forts\u00e4tt l\u00e4sa <span class=\"screen-reader-text\">This is soar\u00e9<\/span> <span class=\"meta-nav\">&rarr;<\/span><\/a><\/p>\n","protected":false},"author":1,"featured_media":0,"parent":0,"menu_order":0,"comment_status":"closed","ping_status":"closed","template":"","meta":{"footnotes":""},"class_list":["post-512","page","type-page","status-publish","hentry"],"_links":{"self":[{"href":"https:\/\/www.xn--soar-epa.se\/index.php?rest_route=\/wp\/v2\/pages\/512","targetHints":{"allow":["GET"]}}],"collection":[{"href":"https:\/\/www.xn--soar-epa.se\/index.php?rest_route=\/wp\/v2\/pages"}],"about":[{"href":"https:\/\/www.xn--soar-epa.se\/index.php?rest_route=\/wp\/v2\/types\/page"}],"author":[{"embeddable":true,"href":"https:\/\/www.xn--soar-epa.se\/index.php?rest_route=\/wp\/v2\/users\/1"}],"replies":[{"embeddable":true,"href":"https:\/\/www.xn--soar-epa.se\/index.php?rest_route=%2Fwp%2Fv2%2Fcomments&post=512"}],"version-history":[{"count":54,"href":"https:\/\/www.xn--soar-epa.se\/index.php?rest_route=\/wp\/v2\/pages\/512\/revisions"}],"predecessor-version":[{"id":1686,"href":"https:\/\/www.xn--soar-epa.se\/index.php?rest_route=\/wp\/v2\/pages\/512\/revisions\/1686"}],"wp:attachment":[{"href":"https:\/\/www.xn--soar-epa.se\/index.php?rest_route=%2Fwp%2Fv2%2Fmedia&parent=512"}],"curies":[{"name":"wp","href":"https:\/\/api.w.org\/{rel}","templated":true}]}}