{"id":520,"date":"2016-11-30T14:53:17","date_gmt":"2016-11-30T13:53:17","guid":{"rendered":"http:\/\/www.xn--soar-epa.se\/?page_id=520"},"modified":"2022-07-23T19:02:05","modified_gmt":"2022-07-23T17:02:05","slug":"hitta-till-soare","status":"publish","type":"page","link":"https:\/\/www.xn--soar-epa.se\/?page_id=520","title":{"rendered":"Hitta till soar\u00e9\/How to find us"},"content":{"rendered":"<p>soar\u00e9 ligger p\u00e5 Birger Jarlsgatan 121 &#8211; Stockholm<\/p>\n<p><a href=\"http:\/\/www.xn--soar-epa.se\/wp-content\/uploads\/2015\/01\/karta.png\"><img loading=\"lazy\" decoding=\"async\" class=\"alignnone wp-image-16\" src=\"http:\/\/www.xn--soar-epa.se\/wp-content\/uploads\/2015\/01\/karta-300x244.png\" alt=\"karta\" width=\"452\" height=\"368\" srcset=\"https:\/\/www.xn--soar-epa.se\/wp-content\/uploads\/2015\/01\/karta-300x244.png 300w, https:\/\/www.xn--soar-epa.se\/wp-content\/uploads\/2015\/01\/karta-768x625.png 768w, https:\/\/www.xn--soar-epa.se\/wp-content\/uploads\/2015\/01\/karta.png 834w\" sizes=\"auto, (max-width: 452px) 100vw, 452px\" \/><\/a><\/p>\n<p>Buss 50 (bl a fr\u00e5n Odenplan) stannar precis i n\u00e4rheten &amp; utanf\u00f6r soar\u00e9. T-bana finns i trakterna, b\u00e5de r\u00f6d linje (Tekniska H\u00f6gskolan) och gr\u00f6n linje (R\u00e5dmansgatan &amp; Odenplan). Parkering finns tillg\u00e4ngligt runt soar\u00e9 &amp; Roslagstull. Klicka p\u00e5 kartan f\u00f6r st\u00f6rre vy.<\/p>\n","protected":false},"excerpt":{"rendered":"<p>soar\u00e9 ligger p\u00e5 Birger Jarlsgatan 121 &#8211; Stockholm Buss 50 (bl a fr\u00e5n Odenplan) stannar precis i n\u00e4rheten &amp; utanf\u00f6r soar\u00e9. T-bana finns i trakterna, b\u00e5de r\u00f6d linje (Tekniska H\u00f6gskolan) och gr\u00f6n linje (R\u00e5dmansgatan &amp; Odenplan). Parkering finns tillg\u00e4ngligt runt soar\u00e9 &amp; Roslagstull. Klicka p\u00e5 kartan f\u00f6r st\u00f6rre vy.<\/p>\n","protected":false},"author":1,"featured_media":0,"parent":0,"menu_order":0,"comment_status":"closed","ping_status":"closed","template":"","meta":{"footnotes":""},"class_list":["post-520","page","type-page","status-publish","hentry"],"_links":{"self":[{"href":"https:\/\/www.xn--soar-epa.se\/index.php?rest_route=\/wp\/v2\/pages\/520","targetHints":{"allow":["GET"]}}],"collection":[{"href":"https:\/\/www.xn--soar-epa.se\/index.php?rest_route=\/wp\/v2\/pages"}],"about":[{"href":"https:\/\/www.xn--soar-epa.se\/index.php?rest_route=\/wp\/v2\/types\/page"}],"author":[{"embeddable":true,"href":"https:\/\/www.xn--soar-epa.se\/index.php?rest_route=\/wp\/v2\/users\/1"}],"replies":[{"embeddable":true,"href":"https:\/\/www.xn--soar-epa.se\/index.php?rest_route=%2Fwp%2Fv2%2Fcomments&post=520"}],"version-history":[{"count":6,"href":"https:\/\/www.xn--soar-epa.se\/index.php?rest_route=\/wp\/v2\/pages\/520\/revisions"}],"predecessor-version":[{"id":1345,"href":"https:\/\/www.xn--soar-epa.se\/index.php?rest_route=\/wp\/v2\/pages\/520\/revisions\/1345"}],"wp:attachment":[{"href":"https:\/\/www.xn--soar-epa.se\/index.php?rest_route=%2Fwp%2Fv2%2Fmedia&parent=520"}],"curies":[{"name":"wp","href":"https:\/\/api.w.org\/{rel}","templated":true}]}}