{"id":533,"date":"2021-07-30T15:14:12","date_gmt":"2021-07-30T13:14:12","guid":{"rendered":"http:\/\/www.xn--soar-epa.se\/?page_id=533"},"modified":"2025-10-04T23:51:32","modified_gmt":"2025-10-04T21:51:32","slug":"tips-fran-soare","status":"publish","type":"page","link":"https:\/\/www.xn--soar-epa.se\/?page_id=533","title":{"rendered":"Info \/ FAQ (p\u00e5 Svenska &amp; in English)"},"content":{"rendered":"<p><strong>Information \/ FAQ 2025<\/strong><\/p>\n<p>Ja, v\u00e5r hemsida \u00e4r riktigt retro men alltid uppdaterad \/ <span style=\"color: #0000ff;\">Of course our website is all retro : ) but always up to date.<\/span><\/p>\n<p><strong><a href=\"http:\/\/www.xn--soar-epa.se\/wp-content\/uploads\/2025\/03\/this-is-soare.jpg\"><img loading=\"lazy\" decoding=\"async\" class=\"wp-image-1681 aligncenter\" src=\"http:\/\/www.xn--soar-epa.se\/wp-content\/uploads\/2025\/03\/this-is-soare-238x300.jpg\" alt=\"\" width=\"273\" height=\"344\" srcset=\"https:\/\/www.xn--soar-epa.se\/wp-content\/uploads\/2025\/03\/this-is-soare-238x300.jpg 238w, https:\/\/www.xn--soar-epa.se\/wp-content\/uploads\/2025\/03\/this-is-soare-811x1024.jpg 811w, https:\/\/www.xn--soar-epa.se\/wp-content\/uploads\/2025\/03\/this-is-soare-768x969.jpg 768w, https:\/\/www.xn--soar-epa.se\/wp-content\/uploads\/2025\/03\/this-is-soare-1217x1536.jpg 1217w, https:\/\/www.xn--soar-epa.se\/wp-content\/uploads\/2025\/03\/this-is-soare.jpg 1366w\" sizes=\"auto, (max-width: 273px) 100vw, 273px\" \/><\/a><\/strong><\/p>\n<hr \/>\n<p><strong>Bokning\/<span style=\"color: #0000ff;\">Reservation<\/span><\/strong><\/p>\n<p><span style=\"color: #000000;\">Ert bord beh\u00f6ver<strong> alltid<\/strong> &amp; v\u00e4nligen f\u00f6rbokas i god tid f\u00f6re ankomst (oavsett antal), senast samma f\u00f6rmiddag. Vi tar inte drop in. F\u00f6r st\u00f6rre grupper, bokning minst n\u00e5gra dagar f\u00f6re. <\/span><\/p>\n<p><span style=\"color: #000000;\">Ring\/sms.a till 076-0981018 eller maila madelene@soar\u00e9.se &#8211; enkelt &amp; smidigt (s\u00e5 l\u00e4nge det stavas r\u00e4tt).<\/span><\/p>\n<p>F\u00f6r s\u00e4llskap fler \u00e4n 5 personer \u00f6nskar vi veta ert val av meny i f\u00f6rv\u00e4g f\u00f6r att f\u00f6rbereda k\u00f6k, ev omm\u00f6blering &amp; dukning. Vi meddelar er aktuell information vid bokning.<\/p>\n<hr \/>\n<p><strong><span style=\"color: #0000ff;\">Please always m<\/span><span style=\"color: #000000;\"><span style=\"color: #0000ff;\">ake a reservation before you visit us for dinner, at the latest on the same morning before arrival. No drop in. F\u00f6r bigger groups please contact us a few days before the reservation. <\/span><\/span><\/strong><\/p>\n<p><strong><span style=\"color: #000000;\"><span style=\"color: #0000ff;\">Just call\/text 076-0981018 or send us an e-mail madelene@soar\u00e9.se\u00a0 <\/span><\/span><\/strong><strong><span style=\"color: #000000;\"><span style=\"color: #0000ff;\">So easy (if the spelling is correct)!<\/span><\/span><\/strong><\/p>\n<p><strong><span style=\"color: #0000ff;\">Bigger groups (more than 5 guest) kindly needs to choose a menu, per person, before arriving. We need to prepare the kitchen e t c.<\/span><\/strong><\/p>\n<hr \/>\n<p>Vi har v\u00e5r h\u00f6gs\u00e4song n\u00e4r det \u00e4r m\u00f6rkt &amp; kallt ute. S\u00e5 lite sv\u00e5rare att f\u00e5 bord d\u00e5. <span style=\"color: #0000ff;\">\/ It could be a little bit difficult to reserve a table during the winter (especially weekends).<\/span><\/p>\n<hr \/>\n<p>Ni grillar &amp; sm\u00e4lter i lugn &amp; ro. Inget f\u00f6r den hetsiga \u00e4taren. T\u00e5lamod \/ <span style=\"color: #0000ff;\">Grill &amp; melt. Yummy! Not for the impatient eater. Just take it easy.<\/span><\/p>\n<p><a href=\"http:\/\/www.xn--soar-epa.se\/wp-content\/uploads\/2019\/05\/564487044008..jpg\"><img loading=\"lazy\" decoding=\"async\" class=\"size-medium wp-image-903 aligncenter\" src=\"http:\/\/www.xn--soar-epa.se\/wp-content\/uploads\/2019\/05\/564487044008.-300x200.jpg\" alt=\"\" width=\"300\" height=\"200\" srcset=\"https:\/\/www.xn--soar-epa.se\/wp-content\/uploads\/2019\/05\/564487044008.-300x200.jpg 300w, https:\/\/www.xn--soar-epa.se\/wp-content\/uploads\/2019\/05\/564487044008..jpg 600w\" sizes=\"auto, (max-width: 300px) 100vw, 300px\" \/><\/a><\/p>\n<p><span style=\"color: #000000;\">soar\u00e9 har inga sittningstider, bordet \u00e4r ert under <\/span><span style=\"color: #000000;\">hela kv\u00e4llen, ja, det \u00e4r sant! \/ <span style=\"color: #0000ff;\">The table remain at your disposal all evening. Wow! No stress!<\/span><\/span><\/p>\n<p><span style=\"color: #000000;\">Ingen tr\u00e4ngsel. Bra avst\u00e5nd &amp; utrymme till andra bord &amp; g\u00e4ster \/ <span style=\"color: #0000ff;\">Uncrowded &amp; safe distance between tables &amp; other guests.<\/span><\/span><\/p>\n<p>Vi uppskattar att ni h\u00f6r av er (&amp; g\u00e4rna i god tid) om ni vill avboka . Vi har ju planerat f\u00f6r just er ankomst \/ <span style=\"color: #0000ff;\">If cancelling a reservation, please contact us in good time. No no shows please!<\/span><\/p>\n<hr \/>\n<p><strong>Barn\/<span style=\"color: #0000ff;\">Children<\/span><\/strong><\/p>\n<p>T\u00e4nk p\u00e5 att det tar lite tid att \u00e4ta &amp; njuta av Raclette &amp; Fondue. \/ <span style=\"color: #0000ff;\">Raclette &amp; Fondue takes longer time to eat.\u00a0<\/span><\/p>\n<p>F\u00f6r de allra yngsta g\u00e4sterna vill vi p\u00e5minna om lugn vid bordet &amp; i lokalen p g a het v\u00e4rme &amp; eld fr\u00e5n fondue &amp; raclettej\u00e4rn \/ <span style=\"color: #0000ff;\">For the younger children, please be aware of the heat and fire from fondue &amp; raclette grills on the tables.<\/span><\/p>\n<p>Vi har ingen speciell barnmeny. Kontakta oss om du undrar \u00f6ver n\u00e5got \/ <span style=\"color: #0000ff;\">No special menu for the children.<\/span><\/p>\n<p>Vi rekommenderar inte barnstol vid bordet (eller barnvagn). Det \u00e4r mycket glas, sk\u00e5lar, grytor &amp; eld\/v\u00e4rme p\u00e5 bordet\u00a0 <span style=\"color: #0000ff;\">\/ We don\u00b4t recommend a high chair for children, especially because of fondue fire\/heat on the table.<\/span><\/p>\n<p>&nbsp;<\/p>\n<p><a href=\"http:\/\/www.xn--soar-epa.se\/wp-content\/uploads\/2018\/04\/image1189.jpeg\"><img loading=\"lazy\" decoding=\"async\" class=\"size-medium wp-image-707 aligncenter\" src=\"http:\/\/www.xn--soar-epa.se\/wp-content\/uploads\/2018\/04\/image1189-300x300.jpeg\" alt=\"\" width=\"300\" height=\"300\" srcset=\"https:\/\/www.xn--soar-epa.se\/wp-content\/uploads\/2018\/04\/image1189-300x300.jpeg 300w, https:\/\/www.xn--soar-epa.se\/wp-content\/uploads\/2018\/04\/image1189-150x150.jpeg 150w, https:\/\/www.xn--soar-epa.se\/wp-content\/uploads\/2018\/04\/image1189.jpeg 320w\" sizes=\"auto, (max-width: 300px) 100vw, 300px\" \/><\/a><\/p>\n<hr \/>\n<p>Vi ligger p\u00e5 Birger Jarlsgatan 121 men en bra bit ifr\u00e5n Stureplan \/ <span style=\"color: #0000ff;\">Not near Stureplan. But still a nice little place : )<\/span><\/p>\n<p>Njut av raclette &amp; fondue i v\u00e5r sk\u00f6na retromilj\u00f6! \/<span style=\"color: #0000ff;\"> Enjoy the raclette &amp; fondue in our soft, diner retro decorated restaurant.<\/span><\/p>\n<p><a href=\"http:\/\/www.xn--soar-epa.se\/wp-content\/uploads\/2024\/04\/James--scaled.jpg\"><img loading=\"lazy\" decoding=\"async\" class=\" wp-image-1493 aligncenter\" src=\"http:\/\/www.xn--soar-epa.se\/wp-content\/uploads\/2024\/04\/James--300x225.jpg\" alt=\"\" width=\"324\" height=\"243\" srcset=\"https:\/\/www.xn--soar-epa.se\/wp-content\/uploads\/2024\/04\/James--300x225.jpg 300w, https:\/\/www.xn--soar-epa.se\/wp-content\/uploads\/2024\/04\/James--1024x768.jpg 1024w, https:\/\/www.xn--soar-epa.se\/wp-content\/uploads\/2024\/04\/James--768x576.jpg 768w, https:\/\/www.xn--soar-epa.se\/wp-content\/uploads\/2024\/04\/James--1536x1152.jpg 1536w, https:\/\/www.xn--soar-epa.se\/wp-content\/uploads\/2024\/04\/James--2048x1536.jpg 2048w\" sizes=\"auto, (max-width: 324px) 100vw, 324px\" \/><\/a><\/p>\n<h3><span style=\"color: #0000ff;\"><strong>Namnet soar\u00e9<\/strong><\/span><\/h3>\n<p>Aftonunderh\u00e5llning, aftonf\u00f6rest\u00e4llning, aftonsamkv\u00e4m, kabar\u00e9, jfr. fest. Ordet h\u00e4rstammar fr\u00e5n franskan, d\u00e4r ordet soir betyder afton, eftermiddag eller kv\u00e4ll, medan soire\u00e9 (uttalas som soar\u00e9) betyder afton eller aftonens lopp (dans la soir\u00e9e = under aftonens lopp), eller aftonunderh\u00e5llning, &#8221;vad som sker under aftonen&#8221; (Fransk-svensk ordbok).<\/p>\n<p class=\"firstHeading mw-first-heading\"><span class=\"Latn\"><strong><span style=\"color: #0000ff;\">Soir\u00e9e<\/span> <\/strong>= <\/span>evening activity, party,\u00a0<span class=\"Latn\">borrowed from french soir\u00e9e<i class=\"Latn mention\" lang=\"fr\"><\/i>.\u00a0<\/span><\/p>\n","protected":false},"excerpt":{"rendered":"<p>Information \/ FAQ 2025 Ja, v\u00e5r hemsida \u00e4r riktigt retro men alltid uppdaterad \/ Of course our website is all retro : ) but always up to date. Bokning\/Reservation Ert bord beh\u00f6ver alltid &amp; v\u00e4nligen f\u00f6rbokas i god tid f\u00f6re ankomst (oavsett antal), senast samma f\u00f6rmiddag. Vi tar inte drop in. F\u00f6r st\u00f6rre grupper, bokning &hellip; <a href=\"https:\/\/www.xn--soar-epa.se\/?page_id=533\" class=\"more-link\">Forts\u00e4tt l\u00e4sa <span class=\"screen-reader-text\">Info \/ FAQ (p\u00e5 Svenska &amp; in English)<\/span> <span class=\"meta-nav\">&rarr;<\/span><\/a><\/p>\n","protected":false},"author":1,"featured_media":0,"parent":0,"menu_order":0,"comment_status":"closed","ping_status":"closed","template":"","meta":{"footnotes":""},"class_list":["post-533","page","type-page","status-publish","hentry"],"_links":{"self":[{"href":"https:\/\/www.xn--soar-epa.se\/index.php?rest_route=\/wp\/v2\/pages\/533","targetHints":{"allow":["GET"]}}],"collection":[{"href":"https:\/\/www.xn--soar-epa.se\/index.php?rest_route=\/wp\/v2\/pages"}],"about":[{"href":"https:\/\/www.xn--soar-epa.se\/index.php?rest_route=\/wp\/v2\/types\/page"}],"author":[{"embeddable":true,"href":"https:\/\/www.xn--soar-epa.se\/index.php?rest_route=\/wp\/v2\/users\/1"}],"replies":[{"embeddable":true,"href":"https:\/\/www.xn--soar-epa.se\/index.php?rest_route=%2Fwp%2Fv2%2Fcomments&post=533"}],"version-history":[{"count":125,"href":"https:\/\/www.xn--soar-epa.se\/index.php?rest_route=\/wp\/v2\/pages\/533\/revisions"}],"predecessor-version":[{"id":1804,"href":"https:\/\/www.xn--soar-epa.se\/index.php?rest_route=\/wp\/v2\/pages\/533\/revisions\/1804"}],"wp:attachment":[{"href":"https:\/\/www.xn--soar-epa.se\/index.php?rest_route=%2Fwp%2Fv2%2Fmedia&parent=533"}],"curies":[{"name":"wp","href":"https:\/\/api.w.org\/{rel}","templated":true}]}}